{"id":5454,"date":"2019-09-27T10:13:52","date_gmt":"2019-09-27T07:13:52","guid":{"rendered":"https:\/\/www.ssyl.fi\/?page_id=5454"},"modified":"2019-10-01T08:48:11","modified_gmt":"2019-10-01T05:48:11","slug":"schueleraustausch","status":"publish","type":"page","link":"https:\/\/www.ssyl.fi\/de\/schueleraustausch\/","title":{"rendered":"Sch\u00fcleraustausch"},"content":{"rendered":"<h1>Sch\u00fcleraustausch<\/h1>\n<p>Wir bieten Sch\u00fcleraustausch f\u00fcr finnische Sch\u00fcler an, die Grundkenntnisse in der Deutschen Sprache haben und entweder die gymnasiale Oberstufe oder die 8. oder 9. Klasse der finnischen Gesamtschule besuchen. Bewerbungszeit beginnt jedes Jahr Anfang Oktober.<\/p>\n<p><strong>Dauer des Austausches<\/strong><\/p>\n<ul>\n<li><span class=\"Apple-style-span\">Ein Monat im Sommer<\/span><\/li>\n<li><span class=\"Apple-style-span\">Drei Monate im Herbst<\/span><\/li>\n<li><span class=\"Apple-style-span\">Ein Schuljahr ab Herbst<\/span><\/li>\n<\/ul>\n<p>Deutsche Sch\u00fcler, die sich f\u00fcr den Austausch in Finnland interessieren, wenden sich bitte an die <a href=\"http:\/\/www.deutsch-finnische-gesellschaft.de\/\" target=\"_blank\" rel=\"noopener noreferrer\">Deutsch-Finnische Gesellschaft<\/a><\/p>\n<p><strong>Mehr<\/strong><\/p>\n<ul>\n<li><a title=\"Oppilasvaihto\" href=\"\/oppilasvaihto\/\">Finnische Seite<\/a><\/li>\n<\/ul>\n","protected":false},"excerpt":{"rendered":"<p>Sch\u00fcleraustausch Wir bieten Sch\u00fcleraustausch f\u00fcr finnische Sch\u00fcler an, die Grundkenntnisse in der Deutschen Sprache haben und entweder die gymnasiale Oberstufe oder die 8. oder 9. Klasse der finnischen Gesamtschule besuchen. Bewerbungszeit beginnt jedes Jahr Anfang Oktober. Dauer des Austausches Ein Monat im Sommer Drei Monate im Herbst Ein Schuljahr ab Herbst Deutsche Sch\u00fcler, die sich [&hellip;]<\/p>\n","protected":false},"author":1,"featured_media":0,"parent":0,"menu_order":0,"comment_status":"closed","ping_status":"closed","template":"","meta":{"footnotes":""},"class_list":["post-5454","page","type-page","status-publish","hentry"],"yoast_head":"<!-- This site is optimized with the Yoast SEO plugin v27.3 - https:\/\/yoast.com\/product\/yoast-seo-wordpress\/ -->\n<title>Sch\u00fcleraustausch - Suomi-Saksa Yhdistysten Liitto ry<\/title>\n<meta name=\"robots\" content=\"index, follow, max-snippet:-1, max-image-preview:large, max-video-preview:-1\" \/>\n<link rel=\"canonical\" href=\"https:\/\/www.ssyl.fi\/de\/schueleraustausch\/\" \/>\n<meta property=\"og:locale\" content=\"de_DE\" \/>\n<meta property=\"og:type\" content=\"article\" \/>\n<meta property=\"og:title\" content=\"Sch\u00fcleraustausch - Suomi-Saksa Yhdistysten Liitto ry\" \/>\n<meta property=\"og:description\" content=\"Sch\u00fcleraustausch Wir bieten Sch\u00fcleraustausch f\u00fcr finnische Sch\u00fcler an, die Grundkenntnisse in der Deutschen Sprache haben und entweder die gymnasiale Oberstufe oder die 8. oder 9. Klasse der finnischen Gesamtschule besuchen. Bewerbungszeit beginnt jedes Jahr Anfang Oktober. Dauer des Austausches Ein Monat im Sommer Drei Monate im Herbst Ein Schuljahr ab Herbst Deutsche Sch\u00fcler, die sich [&hellip;]\" \/>\n<meta property=\"og:url\" content=\"https:\/\/www.ssyl.fi\/de\/schueleraustausch\/\" \/>\n<meta property=\"og:site_name\" content=\"Suomi-Saksa Yhdistysten Liitto ry\" \/>\n<meta property=\"article:publisher\" content=\"http:\/\/www.facebook.com\/ssyl.fi\" \/>\n<meta property=\"article:modified_time\" content=\"2019-10-01T05:48:11+00:00\" \/>\n<meta property=\"og:image\" content=\"https:\/\/www.ssyl.fi\/content\/uploads\/2019\/10\/some-jako_FB_1200x630px.jpg\" \/>\n\t<meta property=\"og:image:width\" content=\"1200\" \/>\n\t<meta property=\"og:image:height\" content=\"630\" \/>\n\t<meta property=\"og:image:type\" content=\"image\/jpeg\" \/>\n<meta name=\"twitter:card\" content=\"summary_large_image\" \/>\n<script type=\"application\/ld+json\" class=\"yoast-schema-graph\">{\"@context\":\"https:\\\/\\\/schema.org\",\"@graph\":[{\"@type\":\"WebPage\",\"@id\":\"https:\\\/\\\/www.ssyl.fi\\\/de\\\/schueleraustausch\\\/\",\"url\":\"https:\\\/\\\/www.ssyl.fi\\\/de\\\/schueleraustausch\\\/\",\"name\":\"Sch\u00fcleraustausch - Suomi-Saksa Yhdistysten Liitto ry\",\"isPartOf\":{\"@id\":\"https:\\\/\\\/www.ssyl.fi\\\/de\\\/#website\"},\"datePublished\":\"2019-09-27T07:13:52+00:00\",\"dateModified\":\"2019-10-01T05:48:11+00:00\",\"breadcrumb\":{\"@id\":\"https:\\\/\\\/www.ssyl.fi\\\/de\\\/schueleraustausch\\\/#breadcrumb\"},\"inLanguage\":\"de-DE\",\"potentialAction\":[{\"@type\":\"ReadAction\",\"target\":[\"https:\\\/\\\/www.ssyl.fi\\\/de\\\/schueleraustausch\\\/\"]}]},{\"@type\":\"BreadcrumbList\",\"@id\":\"https:\\\/\\\/www.ssyl.fi\\\/de\\\/schueleraustausch\\\/#breadcrumb\",\"itemListElement\":[{\"@type\":\"ListItem\",\"position\":1,\"name\":\"Home\",\"item\":\"https:\\\/\\\/www.ssyl.fi\\\/de\\\/\"},{\"@type\":\"ListItem\",\"position\":2,\"name\":\"Sch\u00fcleraustausch\"}]},{\"@type\":\"WebSite\",\"@id\":\"https:\\\/\\\/www.ssyl.fi\\\/de\\\/#website\",\"url\":\"https:\\\/\\\/www.ssyl.fi\\\/de\\\/\",\"name\":\"Suomi-Saksa Yhdistysten Liitto ry\",\"description\":\"\",\"potentialAction\":[{\"@type\":\"SearchAction\",\"target\":{\"@type\":\"EntryPoint\",\"urlTemplate\":\"https:\\\/\\\/www.ssyl.fi\\\/de\\\/?s={search_term_string}\"},\"query-input\":{\"@type\":\"PropertyValueSpecification\",\"valueRequired\":true,\"valueName\":\"search_term_string\"}}],\"inLanguage\":\"de-DE\"}]}<\/script>\n<!-- \/ Yoast SEO plugin. -->","yoast_head_json":{"title":"Sch\u00fcleraustausch - Suomi-Saksa Yhdistysten Liitto ry","robots":{"index":"index","follow":"follow","max-snippet":"max-snippet:-1","max-image-preview":"max-image-preview:large","max-video-preview":"max-video-preview:-1"},"canonical":"https:\/\/www.ssyl.fi\/de\/schueleraustausch\/","og_locale":"de_DE","og_type":"article","og_title":"Sch\u00fcleraustausch - Suomi-Saksa Yhdistysten Liitto ry","og_description":"Sch\u00fcleraustausch Wir bieten Sch\u00fcleraustausch f\u00fcr finnische Sch\u00fcler an, die Grundkenntnisse in der Deutschen Sprache haben und entweder die gymnasiale Oberstufe oder die 8. oder 9. Klasse der finnischen Gesamtschule besuchen. Bewerbungszeit beginnt jedes Jahr Anfang Oktober. Dauer des Austausches Ein Monat im Sommer Drei Monate im Herbst Ein Schuljahr ab Herbst Deutsche Sch\u00fcler, die sich [&hellip;]","og_url":"https:\/\/www.ssyl.fi\/de\/schueleraustausch\/","og_site_name":"Suomi-Saksa Yhdistysten Liitto ry","article_publisher":"http:\/\/www.facebook.com\/ssyl.fi","article_modified_time":"2019-10-01T05:48:11+00:00","og_image":[{"width":1200,"height":630,"url":"https:\/\/www.ssyl.fi\/content\/uploads\/2019\/10\/some-jako_FB_1200x630px.jpg","type":"image\/jpeg"}],"twitter_card":"summary_large_image","schema":{"@context":"https:\/\/schema.org","@graph":[{"@type":"WebPage","@id":"https:\/\/www.ssyl.fi\/de\/schueleraustausch\/","url":"https:\/\/www.ssyl.fi\/de\/schueleraustausch\/","name":"Sch\u00fcleraustausch - Suomi-Saksa Yhdistysten Liitto ry","isPartOf":{"@id":"https:\/\/www.ssyl.fi\/de\/#website"},"datePublished":"2019-09-27T07:13:52+00:00","dateModified":"2019-10-01T05:48:11+00:00","breadcrumb":{"@id":"https:\/\/www.ssyl.fi\/de\/schueleraustausch\/#breadcrumb"},"inLanguage":"de-DE","potentialAction":[{"@type":"ReadAction","target":["https:\/\/www.ssyl.fi\/de\/schueleraustausch\/"]}]},{"@type":"BreadcrumbList","@id":"https:\/\/www.ssyl.fi\/de\/schueleraustausch\/#breadcrumb","itemListElement":[{"@type":"ListItem","position":1,"name":"Home","item":"https:\/\/www.ssyl.fi\/de\/"},{"@type":"ListItem","position":2,"name":"Sch\u00fcleraustausch"}]},{"@type":"WebSite","@id":"https:\/\/www.ssyl.fi\/de\/#website","url":"https:\/\/www.ssyl.fi\/de\/","name":"Suomi-Saksa Yhdistysten Liitto ry","description":"","potentialAction":[{"@type":"SearchAction","target":{"@type":"EntryPoint","urlTemplate":"https:\/\/www.ssyl.fi\/de\/?s={search_term_string}"},"query-input":{"@type":"PropertyValueSpecification","valueRequired":true,"valueName":"search_term_string"}}],"inLanguage":"de-DE"}]}},"_links":{"self":[{"href":"https:\/\/www.ssyl.fi\/de\/wp-json\/wp\/v2\/pages\/5454","targetHints":{"allow":["GET"]}}],"collection":[{"href":"https:\/\/www.ssyl.fi\/de\/wp-json\/wp\/v2\/pages"}],"about":[{"href":"https:\/\/www.ssyl.fi\/de\/wp-json\/wp\/v2\/types\/page"}],"author":[{"embeddable":true,"href":"https:\/\/www.ssyl.fi\/de\/wp-json\/wp\/v2\/users\/1"}],"replies":[{"embeddable":true,"href":"https:\/\/www.ssyl.fi\/de\/wp-json\/wp\/v2\/comments?post=5454"}],"version-history":[{"count":3,"href":"https:\/\/www.ssyl.fi\/de\/wp-json\/wp\/v2\/pages\/5454\/revisions"}],"predecessor-version":[{"id":7132,"href":"https:\/\/www.ssyl.fi\/de\/wp-json\/wp\/v2\/pages\/5454\/revisions\/7132"}],"wp:attachment":[{"href":"https:\/\/www.ssyl.fi\/de\/wp-json\/wp\/v2\/media?parent=5454"}],"curies":[{"name":"wp","href":"https:\/\/api.w.org\/{rel}","templated":true}]}}