{"id":7186,"date":"2019-09-30T13:30:57","date_gmt":"2019-09-30T10:30:57","guid":{"rendered":"https:\/\/www.ssyl.fi\/?page_id=7186"},"modified":"2025-11-24T11:14:03","modified_gmt":"2025-11-24T09:14:03","slug":"angebote-fuer-mitglieder","status":"publish","type":"page","link":"https:\/\/www.ssyl.fi\/de\/mitgliedschaft-und-mitgliedsvereine\/angebote-fuer-mitglieder\/","title":{"rendered":"Angebote f\u00fcr Mitglieder"},"content":{"rendered":"<h1>Angebote f\u00fcr Mitglieder<\/h1>\n<p>Mitglieder bekommen vier Mal im Jahr die Mitgliedszeitschrift Silta-Br\u00fccke.<\/p>\n<p>Sie erhalten auch<\/p>\n<ul>\n<li><strong>Lurra Editions: <\/strong>10 % Rabatt auf Buchbestellungen online <a href=\"http:\/\/www.lurraeditions.fi\" target=\"_blank\" rel=\"noopener noreferrer\">LURRA EDITIONS<\/a><\/li>\n<li><strong>Tallink Silja: <\/strong>Club One -Kundschaft direkt auf Silver-Ebene. <a href=\"https:\/\/www.ssyl.fi\/content\/uploads\/2011\/11\/Club_One_j\u00e4senetu_2016_SSYL.pdf\" target=\"_blank\" rel=\"noopener noreferrer\">Club One (auf Finnisch)<\/a><\/li>\n<li><strong>SSYL:<\/strong> 20 \u20ac Rabatt auf die Vermittlungsgeb\u00fchr des Sch\u00fcleraustausches (Eine Mitgliedschaft bzw. eine Mitgliedschaft \u00fcber die Familienmitgliedschaft berechtigt zu einem Rabatt von 20 Euro, sofern die Mitgliedschaft bis zum 31.06. des Jahres, in dem die Bewerbung beginnt, g\u00fcltig gewesen ist.) <a href=\"https:\/\/www.ssyl.fi\/oppilasvaihto\/kustannukset\/\">Mehr zu den Kosten<\/a> (auf Finnish)<\/li>\n<\/ul>\n","protected":false},"excerpt":{"rendered":"<p>Angebote f\u00fcr Mitglieder Mitglieder bekommen vier Mal im Jahr die Mitgliedszeitschrift Silta-Br\u00fccke. Sie erhalten auch Lurra Editions: 10 % Rabatt auf Buchbestellungen online LURRA EDITIONS Tallink Silja: Club One -Kundschaft direkt auf Silver-Ebene. Club One (auf Finnisch) SSYL: 20 \u20ac Rabatt auf die Vermittlungsgeb\u00fchr des Sch\u00fcleraustausches (Eine Mitgliedschaft bzw. eine Mitgliedschaft \u00fcber die Familienmitgliedschaft berechtigt [&hellip;]<\/p>\n","protected":false},"author":1,"featured_media":0,"parent":5295,"menu_order":3,"comment_status":"closed","ping_status":"closed","template":"","meta":{"footnotes":""},"class_list":["post-7186","page","type-page","status-publish","hentry"],"yoast_head":"<!-- This site is optimized with the Yoast SEO plugin v27.3 - https:\/\/yoast.com\/product\/yoast-seo-wordpress\/ -->\n<title>Angebote f\u00fcr Mitglieder - Suomi-Saksa Yhdistysten Liitto ry<\/title>\n<meta name=\"robots\" content=\"index, follow, max-snippet:-1, max-image-preview:large, max-video-preview:-1\" \/>\n<link rel=\"canonical\" href=\"https:\/\/www.ssyl.fi\/de\/mitgliedschaft-und-mitgliedsvereine\/angebote-fuer-mitglieder\/\" \/>\n<meta property=\"og:locale\" content=\"de_DE\" \/>\n<meta property=\"og:type\" content=\"article\" \/>\n<meta property=\"og:title\" content=\"Angebote f\u00fcr Mitglieder - Suomi-Saksa Yhdistysten Liitto ry\" \/>\n<meta property=\"og:description\" content=\"Angebote f\u00fcr Mitglieder Mitglieder bekommen vier Mal im Jahr die Mitgliedszeitschrift Silta-Br\u00fccke. Sie erhalten auch Lurra Editions: 10 % Rabatt auf Buchbestellungen online LURRA EDITIONS Tallink Silja: Club One -Kundschaft direkt auf Silver-Ebene. Club One (auf Finnisch) SSYL: 20 \u20ac Rabatt auf die Vermittlungsgeb\u00fchr des Sch\u00fcleraustausches (Eine Mitgliedschaft bzw. eine Mitgliedschaft \u00fcber die Familienmitgliedschaft berechtigt [&hellip;]\" \/>\n<meta property=\"og:url\" content=\"https:\/\/www.ssyl.fi\/de\/mitgliedschaft-und-mitgliedsvereine\/angebote-fuer-mitglieder\/\" \/>\n<meta property=\"og:site_name\" content=\"Suomi-Saksa Yhdistysten Liitto ry\" \/>\n<meta property=\"article:publisher\" content=\"http:\/\/www.facebook.com\/ssyl.fi\" \/>\n<meta property=\"article:modified_time\" content=\"2025-11-24T09:14:03+00:00\" \/>\n<meta property=\"og:image\" content=\"https:\/\/www.ssyl.fi\/content\/uploads\/2019\/10\/some-jako_FB_1200x630px.jpg\" \/>\n\t<meta property=\"og:image:width\" content=\"1200\" \/>\n\t<meta property=\"og:image:height\" content=\"630\" \/>\n\t<meta property=\"og:image:type\" content=\"image\/jpeg\" \/>\n<meta name=\"twitter:card\" content=\"summary_large_image\" \/>\n<meta name=\"twitter:label1\" content=\"Est. reading time\" \/>\n\t<meta name=\"twitter:data1\" content=\"1 minute\" \/>\n<script type=\"application\/ld+json\" class=\"yoast-schema-graph\">{\"@context\":\"https:\\\/\\\/schema.org\",\"@graph\":[{\"@type\":\"WebPage\",\"@id\":\"https:\\\/\\\/www.ssyl.fi\\\/de\\\/mitgliedschaft-und-mitgliedsvereine\\\/angebote-fuer-mitglieder\\\/\",\"url\":\"https:\\\/\\\/www.ssyl.fi\\\/de\\\/mitgliedschaft-und-mitgliedsvereine\\\/angebote-fuer-mitglieder\\\/\",\"name\":\"Angebote f\u00fcr Mitglieder - Suomi-Saksa Yhdistysten Liitto ry\",\"isPartOf\":{\"@id\":\"https:\\\/\\\/www.ssyl.fi\\\/de\\\/#website\"},\"datePublished\":\"2019-09-30T10:30:57+00:00\",\"dateModified\":\"2025-11-24T09:14:03+00:00\",\"breadcrumb\":{\"@id\":\"https:\\\/\\\/www.ssyl.fi\\\/de\\\/mitgliedschaft-und-mitgliedsvereine\\\/angebote-fuer-mitglieder\\\/#breadcrumb\"},\"inLanguage\":\"de-DE\",\"potentialAction\":[{\"@type\":\"ReadAction\",\"target\":[\"https:\\\/\\\/www.ssyl.fi\\\/de\\\/mitgliedschaft-und-mitgliedsvereine\\\/angebote-fuer-mitglieder\\\/\"]}]},{\"@type\":\"BreadcrumbList\",\"@id\":\"https:\\\/\\\/www.ssyl.fi\\\/de\\\/mitgliedschaft-und-mitgliedsvereine\\\/angebote-fuer-mitglieder\\\/#breadcrumb\",\"itemListElement\":[{\"@type\":\"ListItem\",\"position\":1,\"name\":\"Home\",\"item\":\"https:\\\/\\\/www.ssyl.fi\\\/de\\\/\"},{\"@type\":\"ListItem\",\"position\":2,\"name\":\"Mitgliedsvereine\",\"item\":\"https:\\\/\\\/www.ssyl.fi\\\/de\\\/mitgliedschaft-und-mitgliedsvereine\\\/\"},{\"@type\":\"ListItem\",\"position\":3,\"name\":\"Angebote f\u00fcr Mitglieder\"}]},{\"@type\":\"WebSite\",\"@id\":\"https:\\\/\\\/www.ssyl.fi\\\/de\\\/#website\",\"url\":\"https:\\\/\\\/www.ssyl.fi\\\/de\\\/\",\"name\":\"Suomi-Saksa Yhdistysten Liitto ry\",\"description\":\"\",\"potentialAction\":[{\"@type\":\"SearchAction\",\"target\":{\"@type\":\"EntryPoint\",\"urlTemplate\":\"https:\\\/\\\/www.ssyl.fi\\\/de\\\/?s={search_term_string}\"},\"query-input\":{\"@type\":\"PropertyValueSpecification\",\"valueRequired\":true,\"valueName\":\"search_term_string\"}}],\"inLanguage\":\"de-DE\"}]}<\/script>\n<!-- \/ Yoast SEO plugin. -->","yoast_head_json":{"title":"Angebote f\u00fcr Mitglieder - Suomi-Saksa Yhdistysten Liitto ry","robots":{"index":"index","follow":"follow","max-snippet":"max-snippet:-1","max-image-preview":"max-image-preview:large","max-video-preview":"max-video-preview:-1"},"canonical":"https:\/\/www.ssyl.fi\/de\/mitgliedschaft-und-mitgliedsvereine\/angebote-fuer-mitglieder\/","og_locale":"de_DE","og_type":"article","og_title":"Angebote f\u00fcr Mitglieder - Suomi-Saksa Yhdistysten Liitto ry","og_description":"Angebote f\u00fcr Mitglieder Mitglieder bekommen vier Mal im Jahr die Mitgliedszeitschrift Silta-Br\u00fccke. Sie erhalten auch Lurra Editions: 10 % Rabatt auf Buchbestellungen online LURRA EDITIONS Tallink Silja: Club One -Kundschaft direkt auf Silver-Ebene. Club One (auf Finnisch) SSYL: 20 \u20ac Rabatt auf die Vermittlungsgeb\u00fchr des Sch\u00fcleraustausches (Eine Mitgliedschaft bzw. eine Mitgliedschaft \u00fcber die Familienmitgliedschaft berechtigt [&hellip;]","og_url":"https:\/\/www.ssyl.fi\/de\/mitgliedschaft-und-mitgliedsvereine\/angebote-fuer-mitglieder\/","og_site_name":"Suomi-Saksa Yhdistysten Liitto ry","article_publisher":"http:\/\/www.facebook.com\/ssyl.fi","article_modified_time":"2025-11-24T09:14:03+00:00","og_image":[{"width":1200,"height":630,"url":"https:\/\/www.ssyl.fi\/content\/uploads\/2019\/10\/some-jako_FB_1200x630px.jpg","type":"image\/jpeg"}],"twitter_card":"summary_large_image","twitter_misc":{"Est. reading time":"1 minute"},"schema":{"@context":"https:\/\/schema.org","@graph":[{"@type":"WebPage","@id":"https:\/\/www.ssyl.fi\/de\/mitgliedschaft-und-mitgliedsvereine\/angebote-fuer-mitglieder\/","url":"https:\/\/www.ssyl.fi\/de\/mitgliedschaft-und-mitgliedsvereine\/angebote-fuer-mitglieder\/","name":"Angebote f\u00fcr Mitglieder - Suomi-Saksa Yhdistysten Liitto ry","isPartOf":{"@id":"https:\/\/www.ssyl.fi\/de\/#website"},"datePublished":"2019-09-30T10:30:57+00:00","dateModified":"2025-11-24T09:14:03+00:00","breadcrumb":{"@id":"https:\/\/www.ssyl.fi\/de\/mitgliedschaft-und-mitgliedsvereine\/angebote-fuer-mitglieder\/#breadcrumb"},"inLanguage":"de-DE","potentialAction":[{"@type":"ReadAction","target":["https:\/\/www.ssyl.fi\/de\/mitgliedschaft-und-mitgliedsvereine\/angebote-fuer-mitglieder\/"]}]},{"@type":"BreadcrumbList","@id":"https:\/\/www.ssyl.fi\/de\/mitgliedschaft-und-mitgliedsvereine\/angebote-fuer-mitglieder\/#breadcrumb","itemListElement":[{"@type":"ListItem","position":1,"name":"Home","item":"https:\/\/www.ssyl.fi\/de\/"},{"@type":"ListItem","position":2,"name":"Mitgliedsvereine","item":"https:\/\/www.ssyl.fi\/de\/mitgliedschaft-und-mitgliedsvereine\/"},{"@type":"ListItem","position":3,"name":"Angebote f\u00fcr Mitglieder"}]},{"@type":"WebSite","@id":"https:\/\/www.ssyl.fi\/de\/#website","url":"https:\/\/www.ssyl.fi\/de\/","name":"Suomi-Saksa Yhdistysten Liitto ry","description":"","potentialAction":[{"@type":"SearchAction","target":{"@type":"EntryPoint","urlTemplate":"https:\/\/www.ssyl.fi\/de\/?s={search_term_string}"},"query-input":{"@type":"PropertyValueSpecification","valueRequired":true,"valueName":"search_term_string"}}],"inLanguage":"de-DE"}]}},"_links":{"self":[{"href":"https:\/\/www.ssyl.fi\/de\/wp-json\/wp\/v2\/pages\/7186","targetHints":{"allow":["GET"]}}],"collection":[{"href":"https:\/\/www.ssyl.fi\/de\/wp-json\/wp\/v2\/pages"}],"about":[{"href":"https:\/\/www.ssyl.fi\/de\/wp-json\/wp\/v2\/types\/page"}],"author":[{"embeddable":true,"href":"https:\/\/www.ssyl.fi\/de\/wp-json\/wp\/v2\/users\/1"}],"replies":[{"embeddable":true,"href":"https:\/\/www.ssyl.fi\/de\/wp-json\/wp\/v2\/comments?post=7186"}],"version-history":[{"count":4,"href":"https:\/\/www.ssyl.fi\/de\/wp-json\/wp\/v2\/pages\/7186\/revisions"}],"predecessor-version":[{"id":11928,"href":"https:\/\/www.ssyl.fi\/de\/wp-json\/wp\/v2\/pages\/7186\/revisions\/11928"}],"up":[{"embeddable":true,"href":"https:\/\/www.ssyl.fi\/de\/wp-json\/wp\/v2\/pages\/5295"}],"wp:attachment":[{"href":"https:\/\/www.ssyl.fi\/de\/wp-json\/wp\/v2\/media?parent=7186"}],"curies":[{"name":"wp","href":"https:\/\/api.w.org\/{rel}","templated":true}]}}