{"id":7190,"date":"2019-09-30T13:40:49","date_gmt":"2019-09-30T10:40:49","guid":{"rendered":"https:\/\/www.ssyl.fi\/?page_id=7190"},"modified":"2019-10-02T10:47:45","modified_gmt":"2019-10-02T07:47:45","slug":"vereinsleben","status":"publish","type":"page","link":"https:\/\/www.ssyl.fi\/de\/mitgliedschaft-und-mitgliedsvereine\/vereinsleben\/","title":{"rendered":"Vereinsleben"},"content":{"rendered":"<h1>Vereinsleben<\/h1>\n<p><span class=\"nosto\">Spa\u00df macht das!<\/span><\/p>\n<p>Unsere 30 Mitgliedsvereine gestallten ihr Programm selbstst\u00e4ndig. Stammtisch-Treffen sind beliebt sowie Aufl\u00fcge und Vortragsabende von deutschen G\u00e4sten. Kontaktieren Sie den Vorsitzenden des Ortsvereins, um mehr zu erfahren.<\/p>\n<ul>\n<li style=\"list-style-type: none;\">\n<ul>\n<li><a href=\"https:\/\/www.ssyl.fi\/de\/jasenyys-ja-jasenyhdistykset\/yhdistysten-yhteystiedot\/\">Kontaktdaten der Vereine<\/a><\/li>\n<\/ul>\n<\/li>\n<\/ul>\n","protected":false},"excerpt":{"rendered":"<p>Vereinsleben Spa\u00df macht das! Unsere 30 Mitgliedsvereine gestallten ihr Programm selbstst\u00e4ndig. Stammtisch-Treffen sind beliebt sowie Aufl\u00fcge und Vortragsabende von deutschen G\u00e4sten. Kontaktieren Sie den Vorsitzenden des Ortsvereins, um mehr zu erfahren. Kontaktdaten der Vereine<\/p>\n","protected":false},"author":1,"featured_media":0,"parent":5295,"menu_order":0,"comment_status":"closed","ping_status":"closed","template":"","meta":{"footnotes":""},"class_list":["post-7190","page","type-page","status-publish","hentry"],"yoast_head":"<!-- This site is optimized with the Yoast SEO plugin v27.3 - https:\/\/yoast.com\/product\/yoast-seo-wordpress\/ -->\n<title>Vereinsleben - Suomi-Saksa Yhdistysten Liitto ry<\/title>\n<meta name=\"robots\" content=\"index, follow, max-snippet:-1, max-image-preview:large, max-video-preview:-1\" \/>\n<link rel=\"canonical\" href=\"https:\/\/www.ssyl.fi\/de\/mitgliedschaft-und-mitgliedsvereine\/vereinsleben\/\" \/>\n<meta property=\"og:locale\" content=\"de_DE\" \/>\n<meta property=\"og:type\" content=\"article\" \/>\n<meta property=\"og:title\" content=\"Vereinsleben - Suomi-Saksa Yhdistysten Liitto ry\" \/>\n<meta property=\"og:description\" content=\"Vereinsleben Spa\u00df macht das! Unsere 30 Mitgliedsvereine gestallten ihr Programm selbstst\u00e4ndig. Stammtisch-Treffen sind beliebt sowie Aufl\u00fcge und Vortragsabende von deutschen G\u00e4sten. Kontaktieren Sie den Vorsitzenden des Ortsvereins, um mehr zu erfahren. Kontaktdaten der Vereine\" \/>\n<meta property=\"og:url\" content=\"https:\/\/www.ssyl.fi\/de\/mitgliedschaft-und-mitgliedsvereine\/vereinsleben\/\" \/>\n<meta property=\"og:site_name\" content=\"Suomi-Saksa Yhdistysten Liitto ry\" \/>\n<meta property=\"article:publisher\" content=\"http:\/\/www.facebook.com\/ssyl.fi\" \/>\n<meta property=\"article:modified_time\" content=\"2019-10-02T07:47:45+00:00\" \/>\n<meta property=\"og:image\" content=\"https:\/\/www.ssyl.fi\/content\/uploads\/2019\/10\/some-jako_FB_1200x630px.jpg\" \/>\n\t<meta property=\"og:image:width\" content=\"1200\" \/>\n\t<meta property=\"og:image:height\" content=\"630\" \/>\n\t<meta property=\"og:image:type\" content=\"image\/jpeg\" \/>\n<meta name=\"twitter:card\" content=\"summary_large_image\" \/>\n<script type=\"application\/ld+json\" class=\"yoast-schema-graph\">{\"@context\":\"https:\\\/\\\/schema.org\",\"@graph\":[{\"@type\":\"WebPage\",\"@id\":\"https:\\\/\\\/www.ssyl.fi\\\/de\\\/mitgliedschaft-und-mitgliedsvereine\\\/vereinsleben\\\/\",\"url\":\"https:\\\/\\\/www.ssyl.fi\\\/de\\\/mitgliedschaft-und-mitgliedsvereine\\\/vereinsleben\\\/\",\"name\":\"Vereinsleben - Suomi-Saksa Yhdistysten Liitto ry\",\"isPartOf\":{\"@id\":\"https:\\\/\\\/www.ssyl.fi\\\/de\\\/#website\"},\"datePublished\":\"2019-09-30T10:40:49+00:00\",\"dateModified\":\"2019-10-02T07:47:45+00:00\",\"breadcrumb\":{\"@id\":\"https:\\\/\\\/www.ssyl.fi\\\/de\\\/mitgliedschaft-und-mitgliedsvereine\\\/vereinsleben\\\/#breadcrumb\"},\"inLanguage\":\"de-DE\",\"potentialAction\":[{\"@type\":\"ReadAction\",\"target\":[\"https:\\\/\\\/www.ssyl.fi\\\/de\\\/mitgliedschaft-und-mitgliedsvereine\\\/vereinsleben\\\/\"]}]},{\"@type\":\"BreadcrumbList\",\"@id\":\"https:\\\/\\\/www.ssyl.fi\\\/de\\\/mitgliedschaft-und-mitgliedsvereine\\\/vereinsleben\\\/#breadcrumb\",\"itemListElement\":[{\"@type\":\"ListItem\",\"position\":1,\"name\":\"Home\",\"item\":\"https:\\\/\\\/www.ssyl.fi\\\/de\\\/\"},{\"@type\":\"ListItem\",\"position\":2,\"name\":\"Mitgliedsvereine\",\"item\":\"https:\\\/\\\/www.ssyl.fi\\\/de\\\/mitgliedschaft-und-mitgliedsvereine\\\/\"},{\"@type\":\"ListItem\",\"position\":3,\"name\":\"Vereinsleben\"}]},{\"@type\":\"WebSite\",\"@id\":\"https:\\\/\\\/www.ssyl.fi\\\/de\\\/#website\",\"url\":\"https:\\\/\\\/www.ssyl.fi\\\/de\\\/\",\"name\":\"Suomi-Saksa Yhdistysten Liitto ry\",\"description\":\"\",\"potentialAction\":[{\"@type\":\"SearchAction\",\"target\":{\"@type\":\"EntryPoint\",\"urlTemplate\":\"https:\\\/\\\/www.ssyl.fi\\\/de\\\/?s={search_term_string}\"},\"query-input\":{\"@type\":\"PropertyValueSpecification\",\"valueRequired\":true,\"valueName\":\"search_term_string\"}}],\"inLanguage\":\"de-DE\"}]}<\/script>\n<!-- \/ Yoast SEO plugin. -->","yoast_head_json":{"title":"Vereinsleben - Suomi-Saksa Yhdistysten Liitto ry","robots":{"index":"index","follow":"follow","max-snippet":"max-snippet:-1","max-image-preview":"max-image-preview:large","max-video-preview":"max-video-preview:-1"},"canonical":"https:\/\/www.ssyl.fi\/de\/mitgliedschaft-und-mitgliedsvereine\/vereinsleben\/","og_locale":"de_DE","og_type":"article","og_title":"Vereinsleben - Suomi-Saksa Yhdistysten Liitto ry","og_description":"Vereinsleben Spa\u00df macht das! Unsere 30 Mitgliedsvereine gestallten ihr Programm selbstst\u00e4ndig. Stammtisch-Treffen sind beliebt sowie Aufl\u00fcge und Vortragsabende von deutschen G\u00e4sten. Kontaktieren Sie den Vorsitzenden des Ortsvereins, um mehr zu erfahren. Kontaktdaten der Vereine","og_url":"https:\/\/www.ssyl.fi\/de\/mitgliedschaft-und-mitgliedsvereine\/vereinsleben\/","og_site_name":"Suomi-Saksa Yhdistysten Liitto ry","article_publisher":"http:\/\/www.facebook.com\/ssyl.fi","article_modified_time":"2019-10-02T07:47:45+00:00","og_image":[{"width":1200,"height":630,"url":"https:\/\/www.ssyl.fi\/content\/uploads\/2019\/10\/some-jako_FB_1200x630px.jpg","type":"image\/jpeg"}],"twitter_card":"summary_large_image","schema":{"@context":"https:\/\/schema.org","@graph":[{"@type":"WebPage","@id":"https:\/\/www.ssyl.fi\/de\/mitgliedschaft-und-mitgliedsvereine\/vereinsleben\/","url":"https:\/\/www.ssyl.fi\/de\/mitgliedschaft-und-mitgliedsvereine\/vereinsleben\/","name":"Vereinsleben - Suomi-Saksa Yhdistysten Liitto ry","isPartOf":{"@id":"https:\/\/www.ssyl.fi\/de\/#website"},"datePublished":"2019-09-30T10:40:49+00:00","dateModified":"2019-10-02T07:47:45+00:00","breadcrumb":{"@id":"https:\/\/www.ssyl.fi\/de\/mitgliedschaft-und-mitgliedsvereine\/vereinsleben\/#breadcrumb"},"inLanguage":"de-DE","potentialAction":[{"@type":"ReadAction","target":["https:\/\/www.ssyl.fi\/de\/mitgliedschaft-und-mitgliedsvereine\/vereinsleben\/"]}]},{"@type":"BreadcrumbList","@id":"https:\/\/www.ssyl.fi\/de\/mitgliedschaft-und-mitgliedsvereine\/vereinsleben\/#breadcrumb","itemListElement":[{"@type":"ListItem","position":1,"name":"Home","item":"https:\/\/www.ssyl.fi\/de\/"},{"@type":"ListItem","position":2,"name":"Mitgliedsvereine","item":"https:\/\/www.ssyl.fi\/de\/mitgliedschaft-und-mitgliedsvereine\/"},{"@type":"ListItem","position":3,"name":"Vereinsleben"}]},{"@type":"WebSite","@id":"https:\/\/www.ssyl.fi\/de\/#website","url":"https:\/\/www.ssyl.fi\/de\/","name":"Suomi-Saksa Yhdistysten Liitto ry","description":"","potentialAction":[{"@type":"SearchAction","target":{"@type":"EntryPoint","urlTemplate":"https:\/\/www.ssyl.fi\/de\/?s={search_term_string}"},"query-input":{"@type":"PropertyValueSpecification","valueRequired":true,"valueName":"search_term_string"}}],"inLanguage":"de-DE"}]}},"_links":{"self":[{"href":"https:\/\/www.ssyl.fi\/de\/wp-json\/wp\/v2\/pages\/7190","targetHints":{"allow":["GET"]}}],"collection":[{"href":"https:\/\/www.ssyl.fi\/de\/wp-json\/wp\/v2\/pages"}],"about":[{"href":"https:\/\/www.ssyl.fi\/de\/wp-json\/wp\/v2\/types\/page"}],"author":[{"embeddable":true,"href":"https:\/\/www.ssyl.fi\/de\/wp-json\/wp\/v2\/users\/1"}],"replies":[{"embeddable":true,"href":"https:\/\/www.ssyl.fi\/de\/wp-json\/wp\/v2\/comments?post=7190"}],"version-history":[{"count":2,"href":"https:\/\/www.ssyl.fi\/de\/wp-json\/wp\/v2\/pages\/7190\/revisions"}],"predecessor-version":[{"id":7193,"href":"https:\/\/www.ssyl.fi\/de\/wp-json\/wp\/v2\/pages\/7190\/revisions\/7193"}],"up":[{"embeddable":true,"href":"https:\/\/www.ssyl.fi\/de\/wp-json\/wp\/v2\/pages\/5295"}],"wp:attachment":[{"href":"https:\/\/www.ssyl.fi\/de\/wp-json\/wp\/v2\/media?parent=7190"}],"curies":[{"name":"wp","href":"https:\/\/api.w.org\/{rel}","templated":true}]}}