{"id":7202,"date":"2019-09-30T13:59:26","date_gmt":"2019-09-30T10:59:26","guid":{"rendered":"https:\/\/www.ssyl.fi\/?page_id=7202"},"modified":"2019-09-30T14:02:19","modified_gmt":"2019-09-30T11:02:19","slug":"mitgliedsgebuehr","status":"publish","type":"page","link":"https:\/\/www.ssyl.fi\/de\/mitgliedschaft-und-mitgliedsvereine\/mitgliedsgebuehr\/","title":{"rendered":"Mitgliedsgeb\u00fchr"},"content":{"rendered":"<h1>Mitgliedsgeb\u00fchr<\/h1>\n<p>Der Mitgliedsbeitrag variiert je nach Verein und wird j\u00e4hrlich gezahlt. Der Dachverband schickt die Rechnungen am Jahresanfang. Die neuen Mitglieder erhalten eine Rechnung, wenn sie eintreten.<\/p>\n<h3><strong>Die Konten des Verbandes der Finnisch-Deutschen Vereins<\/strong><\/h3>\n<ul>\n<li>Nordea FI05 1745 3000 0793 11, BIC: NDEAFIHH<\/li>\n<li>Danske Bank FI06 8000 1501 8130 50, BIC: DABAFIHH<\/li>\n<\/ul>\n<p>Die Mitgliedsbeitr\u00e4ge finden sie auf unserer finnischen Seite. Dabei bedeuten <em>henkil\u00f6j\u00e4senyys<\/em> = Enzelmitgliedschaft und <em>perhej\u00e4senyys<\/em> = Familienmitgliedschaft.<\/p>\n<p><a class=\"link-button\" title=\"J\u00e4senmaksut\" href=\"\/jasentoiminta\/jasenmaksut\/\">Mitgliedsgeb\u00fchren<\/a><\/p>\n","protected":false},"excerpt":{"rendered":"<p>Mitgliedsgeb\u00fchr Der Mitgliedsbeitrag variiert je nach Verein und wird j\u00e4hrlich gezahlt. Der Dachverband schickt die Rechnungen am Jahresanfang. Die neuen Mitglieder erhalten eine Rechnung, wenn sie eintreten. Die Konten des Verbandes der Finnisch-Deutschen Vereins Nordea FI05 1745 3000 0793 11, BIC: NDEAFIHH Danske Bank FI06 8000 1501 8130 50, BIC: DABAFIHH Die Mitgliedsbeitr\u00e4ge finden sie [&hellip;]<\/p>\n","protected":false},"author":1,"featured_media":0,"parent":5295,"menu_order":5,"comment_status":"closed","ping_status":"closed","template":"","meta":{"footnotes":""},"class_list":["post-7202","page","type-page","status-publish","hentry"],"yoast_head":"<!-- This site is optimized with the Yoast SEO plugin v27.3 - https:\/\/yoast.com\/product\/yoast-seo-wordpress\/ -->\n<title>Mitgliedsgeb\u00fchr - Suomi-Saksa Yhdistysten Liitto ry<\/title>\n<meta name=\"robots\" content=\"index, follow, max-snippet:-1, max-image-preview:large, max-video-preview:-1\" \/>\n<link rel=\"canonical\" href=\"https:\/\/www.ssyl.fi\/de\/mitgliedschaft-und-mitgliedsvereine\/mitgliedsgebuehr\/\" \/>\n<meta property=\"og:locale\" content=\"de_DE\" \/>\n<meta property=\"og:type\" content=\"article\" \/>\n<meta property=\"og:title\" content=\"Mitgliedsgeb\u00fchr - Suomi-Saksa Yhdistysten Liitto ry\" \/>\n<meta property=\"og:description\" content=\"Mitgliedsgeb\u00fchr Der Mitgliedsbeitrag variiert je nach Verein und wird j\u00e4hrlich gezahlt. Der Dachverband schickt die Rechnungen am Jahresanfang. Die neuen Mitglieder erhalten eine Rechnung, wenn sie eintreten. Die Konten des Verbandes der Finnisch-Deutschen Vereins Nordea FI05 1745 3000 0793 11, BIC: NDEAFIHH Danske Bank FI06 8000 1501 8130 50, BIC: DABAFIHH Die Mitgliedsbeitr\u00e4ge finden sie [&hellip;]\" \/>\n<meta property=\"og:url\" content=\"https:\/\/www.ssyl.fi\/de\/mitgliedschaft-und-mitgliedsvereine\/mitgliedsgebuehr\/\" \/>\n<meta property=\"og:site_name\" content=\"Suomi-Saksa Yhdistysten Liitto ry\" \/>\n<meta property=\"article:publisher\" content=\"http:\/\/www.facebook.com\/ssyl.fi\" \/>\n<meta property=\"article:modified_time\" content=\"2019-09-30T11:02:19+00:00\" \/>\n<meta property=\"og:image\" content=\"https:\/\/www.ssyl.fi\/content\/uploads\/2019\/10\/some-jako_FB_1200x630px.jpg\" \/>\n\t<meta property=\"og:image:width\" content=\"1200\" \/>\n\t<meta property=\"og:image:height\" content=\"630\" \/>\n\t<meta property=\"og:image:type\" content=\"image\/jpeg\" \/>\n<meta name=\"twitter:card\" content=\"summary_large_image\" \/>\n<script type=\"application\/ld+json\" class=\"yoast-schema-graph\">{\"@context\":\"https:\\\/\\\/schema.org\",\"@graph\":[{\"@type\":\"WebPage\",\"@id\":\"https:\\\/\\\/www.ssyl.fi\\\/de\\\/mitgliedschaft-und-mitgliedsvereine\\\/mitgliedsgebuehr\\\/\",\"url\":\"https:\\\/\\\/www.ssyl.fi\\\/de\\\/mitgliedschaft-und-mitgliedsvereine\\\/mitgliedsgebuehr\\\/\",\"name\":\"Mitgliedsgeb\u00fchr - Suomi-Saksa Yhdistysten Liitto ry\",\"isPartOf\":{\"@id\":\"https:\\\/\\\/www.ssyl.fi\\\/de\\\/#website\"},\"datePublished\":\"2019-09-30T10:59:26+00:00\",\"dateModified\":\"2019-09-30T11:02:19+00:00\",\"breadcrumb\":{\"@id\":\"https:\\\/\\\/www.ssyl.fi\\\/de\\\/mitgliedschaft-und-mitgliedsvereine\\\/mitgliedsgebuehr\\\/#breadcrumb\"},\"inLanguage\":\"de-DE\",\"potentialAction\":[{\"@type\":\"ReadAction\",\"target\":[\"https:\\\/\\\/www.ssyl.fi\\\/de\\\/mitgliedschaft-und-mitgliedsvereine\\\/mitgliedsgebuehr\\\/\"]}]},{\"@type\":\"BreadcrumbList\",\"@id\":\"https:\\\/\\\/www.ssyl.fi\\\/de\\\/mitgliedschaft-und-mitgliedsvereine\\\/mitgliedsgebuehr\\\/#breadcrumb\",\"itemListElement\":[{\"@type\":\"ListItem\",\"position\":1,\"name\":\"Home\",\"item\":\"https:\\\/\\\/www.ssyl.fi\\\/de\\\/\"},{\"@type\":\"ListItem\",\"position\":2,\"name\":\"Mitgliedsvereine\",\"item\":\"https:\\\/\\\/www.ssyl.fi\\\/de\\\/mitgliedschaft-und-mitgliedsvereine\\\/\"},{\"@type\":\"ListItem\",\"position\":3,\"name\":\"Mitgliedsgeb\u00fchr\"}]},{\"@type\":\"WebSite\",\"@id\":\"https:\\\/\\\/www.ssyl.fi\\\/de\\\/#website\",\"url\":\"https:\\\/\\\/www.ssyl.fi\\\/de\\\/\",\"name\":\"Suomi-Saksa Yhdistysten Liitto ry\",\"description\":\"\",\"potentialAction\":[{\"@type\":\"SearchAction\",\"target\":{\"@type\":\"EntryPoint\",\"urlTemplate\":\"https:\\\/\\\/www.ssyl.fi\\\/de\\\/?s={search_term_string}\"},\"query-input\":{\"@type\":\"PropertyValueSpecification\",\"valueRequired\":true,\"valueName\":\"search_term_string\"}}],\"inLanguage\":\"de-DE\"}]}<\/script>\n<!-- \/ Yoast SEO plugin. -->","yoast_head_json":{"title":"Mitgliedsgeb\u00fchr - Suomi-Saksa Yhdistysten Liitto ry","robots":{"index":"index","follow":"follow","max-snippet":"max-snippet:-1","max-image-preview":"max-image-preview:large","max-video-preview":"max-video-preview:-1"},"canonical":"https:\/\/www.ssyl.fi\/de\/mitgliedschaft-und-mitgliedsvereine\/mitgliedsgebuehr\/","og_locale":"de_DE","og_type":"article","og_title":"Mitgliedsgeb\u00fchr - Suomi-Saksa Yhdistysten Liitto ry","og_description":"Mitgliedsgeb\u00fchr Der Mitgliedsbeitrag variiert je nach Verein und wird j\u00e4hrlich gezahlt. Der Dachverband schickt die Rechnungen am Jahresanfang. Die neuen Mitglieder erhalten eine Rechnung, wenn sie eintreten. Die Konten des Verbandes der Finnisch-Deutschen Vereins Nordea FI05 1745 3000 0793 11, BIC: NDEAFIHH Danske Bank FI06 8000 1501 8130 50, BIC: DABAFIHH Die Mitgliedsbeitr\u00e4ge finden sie [&hellip;]","og_url":"https:\/\/www.ssyl.fi\/de\/mitgliedschaft-und-mitgliedsvereine\/mitgliedsgebuehr\/","og_site_name":"Suomi-Saksa Yhdistysten Liitto ry","article_publisher":"http:\/\/www.facebook.com\/ssyl.fi","article_modified_time":"2019-09-30T11:02:19+00:00","og_image":[{"width":1200,"height":630,"url":"https:\/\/www.ssyl.fi\/content\/uploads\/2019\/10\/some-jako_FB_1200x630px.jpg","type":"image\/jpeg"}],"twitter_card":"summary_large_image","schema":{"@context":"https:\/\/schema.org","@graph":[{"@type":"WebPage","@id":"https:\/\/www.ssyl.fi\/de\/mitgliedschaft-und-mitgliedsvereine\/mitgliedsgebuehr\/","url":"https:\/\/www.ssyl.fi\/de\/mitgliedschaft-und-mitgliedsvereine\/mitgliedsgebuehr\/","name":"Mitgliedsgeb\u00fchr - Suomi-Saksa Yhdistysten Liitto ry","isPartOf":{"@id":"https:\/\/www.ssyl.fi\/de\/#website"},"datePublished":"2019-09-30T10:59:26+00:00","dateModified":"2019-09-30T11:02:19+00:00","breadcrumb":{"@id":"https:\/\/www.ssyl.fi\/de\/mitgliedschaft-und-mitgliedsvereine\/mitgliedsgebuehr\/#breadcrumb"},"inLanguage":"de-DE","potentialAction":[{"@type":"ReadAction","target":["https:\/\/www.ssyl.fi\/de\/mitgliedschaft-und-mitgliedsvereine\/mitgliedsgebuehr\/"]}]},{"@type":"BreadcrumbList","@id":"https:\/\/www.ssyl.fi\/de\/mitgliedschaft-und-mitgliedsvereine\/mitgliedsgebuehr\/#breadcrumb","itemListElement":[{"@type":"ListItem","position":1,"name":"Home","item":"https:\/\/www.ssyl.fi\/de\/"},{"@type":"ListItem","position":2,"name":"Mitgliedsvereine","item":"https:\/\/www.ssyl.fi\/de\/mitgliedschaft-und-mitgliedsvereine\/"},{"@type":"ListItem","position":3,"name":"Mitgliedsgeb\u00fchr"}]},{"@type":"WebSite","@id":"https:\/\/www.ssyl.fi\/de\/#website","url":"https:\/\/www.ssyl.fi\/de\/","name":"Suomi-Saksa Yhdistysten Liitto ry","description":"","potentialAction":[{"@type":"SearchAction","target":{"@type":"EntryPoint","urlTemplate":"https:\/\/www.ssyl.fi\/de\/?s={search_term_string}"},"query-input":{"@type":"PropertyValueSpecification","valueRequired":true,"valueName":"search_term_string"}}],"inLanguage":"de-DE"}]}},"_links":{"self":[{"href":"https:\/\/www.ssyl.fi\/de\/wp-json\/wp\/v2\/pages\/7202","targetHints":{"allow":["GET"]}}],"collection":[{"href":"https:\/\/www.ssyl.fi\/de\/wp-json\/wp\/v2\/pages"}],"about":[{"href":"https:\/\/www.ssyl.fi\/de\/wp-json\/wp\/v2\/types\/page"}],"author":[{"embeddable":true,"href":"https:\/\/www.ssyl.fi\/de\/wp-json\/wp\/v2\/users\/1"}],"replies":[{"embeddable":true,"href":"https:\/\/www.ssyl.fi\/de\/wp-json\/wp\/v2\/comments?post=7202"}],"version-history":[{"count":2,"href":"https:\/\/www.ssyl.fi\/de\/wp-json\/wp\/v2\/pages\/7202\/revisions"}],"predecessor-version":[{"id":7206,"href":"https:\/\/www.ssyl.fi\/de\/wp-json\/wp\/v2\/pages\/7202\/revisions\/7206"}],"up":[{"embeddable":true,"href":"https:\/\/www.ssyl.fi\/de\/wp-json\/wp\/v2\/pages\/5295"}],"wp:attachment":[{"href":"https:\/\/www.ssyl.fi\/de\/wp-json\/wp\/v2\/media?parent=7202"}],"curies":[{"name":"wp","href":"https:\/\/api.w.org\/{rel}","templated":true}]}}