{"id":7454,"date":"2019-10-02T10:42:56","date_gmt":"2019-10-02T07:42:56","guid":{"rendered":"https:\/\/www.ssyl.fi\/?page_id=7454"},"modified":"2019-10-02T10:43:22","modified_gmt":"2019-10-02T07:43:22","slug":"materiaalipankki","status":"publish","type":"page","link":"https:\/\/www.ssyl.fi\/de\/ueber-uns\/materiaalipankki\/","title":{"rendered":"Materialbank"},"content":{"rendered":"<h1>Materialbank<\/h1>\n<h2><!--:fi-->Logo<\/h2>\n<p><a class=\"link-button\" href=\"\/content\/uploads\/2012\/03\/SSYL.pdf\" target=\"_blank\" rel=\"noopener noreferrer\">pdf<\/a> <a class=\"link-button\" href=\"\/content\/uploads\/2012\/03\/SSYL.png\" target=\"_blank\" rel=\"noopener noreferrer\">png<\/a><\/p>\n<h2>SSYL\u00a0und die Brosch\u00fcre der \u00f6rtlichen Verb\u00e4nde<\/h2>\n<p><a class=\"link-button\" href=\"\/content\/uploads\/2012\/03\/SSYL-ja-yhdistykset.pdf\" target=\"_blank\" rel=\"noopener noreferrer\">PDF<\/a><\/p>\n<p><!--:--><\/p>\n","protected":false},"excerpt":{"rendered":"<p>Materialbank Logo pdf png SSYL\u00a0und die Brosch\u00fcre der \u00f6rtlichen Verb\u00e4nde PDF<\/p>\n","protected":false},"author":1,"featured_media":0,"parent":7077,"menu_order":0,"comment_status":"closed","ping_status":"closed","template":"","meta":{"footnotes":""},"class_list":["post-7454","page","type-page","status-publish","hentry"],"yoast_head":"<!-- This site is optimized with the Yoast SEO plugin v27.3 - https:\/\/yoast.com\/product\/yoast-seo-wordpress\/ -->\n<title>Materialbank - Suomi-Saksa Yhdistysten Liitto ry<\/title>\n<meta name=\"robots\" content=\"index, follow, max-snippet:-1, max-image-preview:large, max-video-preview:-1\" \/>\n<link rel=\"canonical\" href=\"https:\/\/www.ssyl.fi\/de\/ueber-uns\/materiaalipankki\/\" \/>\n<meta property=\"og:locale\" content=\"de_DE\" \/>\n<meta property=\"og:type\" content=\"article\" \/>\n<meta property=\"og:title\" content=\"Materialbank - Suomi-Saksa Yhdistysten Liitto ry\" \/>\n<meta property=\"og:description\" content=\"Materialbank Logo pdf png SSYL\u00a0und die Brosch\u00fcre der \u00f6rtlichen Verb\u00e4nde PDF\" \/>\n<meta property=\"og:url\" content=\"https:\/\/www.ssyl.fi\/de\/ueber-uns\/materiaalipankki\/\" \/>\n<meta property=\"og:site_name\" content=\"Suomi-Saksa Yhdistysten Liitto ry\" \/>\n<meta property=\"article:publisher\" content=\"http:\/\/www.facebook.com\/ssyl.fi\" \/>\n<meta property=\"article:modified_time\" content=\"2019-10-02T07:43:22+00:00\" \/>\n<meta property=\"og:image\" content=\"https:\/\/www.ssyl.fi\/content\/uploads\/2019\/10\/some-jako_FB_1200x630px.jpg\" \/>\n\t<meta property=\"og:image:width\" content=\"1200\" \/>\n\t<meta property=\"og:image:height\" content=\"630\" \/>\n\t<meta property=\"og:image:type\" content=\"image\/jpeg\" \/>\n<meta name=\"twitter:card\" content=\"summary_large_image\" \/>\n<script type=\"application\/ld+json\" class=\"yoast-schema-graph\">{\"@context\":\"https:\\\/\\\/schema.org\",\"@graph\":[{\"@type\":\"WebPage\",\"@id\":\"https:\\\/\\\/www.ssyl.fi\\\/de\\\/ueber-uns\\\/materiaalipankki\\\/\",\"url\":\"https:\\\/\\\/www.ssyl.fi\\\/de\\\/ueber-uns\\\/materiaalipankki\\\/\",\"name\":\"Materialbank - Suomi-Saksa Yhdistysten Liitto ry\",\"isPartOf\":{\"@id\":\"https:\\\/\\\/www.ssyl.fi\\\/de\\\/#website\"},\"datePublished\":\"2019-10-02T07:42:56+00:00\",\"dateModified\":\"2019-10-02T07:43:22+00:00\",\"breadcrumb\":{\"@id\":\"https:\\\/\\\/www.ssyl.fi\\\/de\\\/ueber-uns\\\/materiaalipankki\\\/#breadcrumb\"},\"inLanguage\":\"de-DE\",\"potentialAction\":[{\"@type\":\"ReadAction\",\"target\":[\"https:\\\/\\\/www.ssyl.fi\\\/de\\\/ueber-uns\\\/materiaalipankki\\\/\"]}]},{\"@type\":\"BreadcrumbList\",\"@id\":\"https:\\\/\\\/www.ssyl.fi\\\/de\\\/ueber-uns\\\/materiaalipankki\\\/#breadcrumb\",\"itemListElement\":[{\"@type\":\"ListItem\",\"position\":1,\"name\":\"Home\",\"item\":\"https:\\\/\\\/www.ssyl.fi\\\/de\\\/\"},{\"@type\":\"ListItem\",\"position\":2,\"name\":\"\u00dcber uns\",\"item\":\"https:\\\/\\\/www.ssyl.fi\\\/de\\\/ueber-uns\\\/\"},{\"@type\":\"ListItem\",\"position\":3,\"name\":\"Materialbank\"}]},{\"@type\":\"WebSite\",\"@id\":\"https:\\\/\\\/www.ssyl.fi\\\/de\\\/#website\",\"url\":\"https:\\\/\\\/www.ssyl.fi\\\/de\\\/\",\"name\":\"Suomi-Saksa Yhdistysten Liitto ry\",\"description\":\"\",\"potentialAction\":[{\"@type\":\"SearchAction\",\"target\":{\"@type\":\"EntryPoint\",\"urlTemplate\":\"https:\\\/\\\/www.ssyl.fi\\\/de\\\/?s={search_term_string}\"},\"query-input\":{\"@type\":\"PropertyValueSpecification\",\"valueRequired\":true,\"valueName\":\"search_term_string\"}}],\"inLanguage\":\"de-DE\"}]}<\/script>\n<!-- \/ Yoast SEO plugin. -->","yoast_head_json":{"title":"Materialbank - Suomi-Saksa Yhdistysten Liitto ry","robots":{"index":"index","follow":"follow","max-snippet":"max-snippet:-1","max-image-preview":"max-image-preview:large","max-video-preview":"max-video-preview:-1"},"canonical":"https:\/\/www.ssyl.fi\/de\/ueber-uns\/materiaalipankki\/","og_locale":"de_DE","og_type":"article","og_title":"Materialbank - Suomi-Saksa Yhdistysten Liitto ry","og_description":"Materialbank Logo pdf png SSYL\u00a0und die Brosch\u00fcre der \u00f6rtlichen Verb\u00e4nde PDF","og_url":"https:\/\/www.ssyl.fi\/de\/ueber-uns\/materiaalipankki\/","og_site_name":"Suomi-Saksa Yhdistysten Liitto ry","article_publisher":"http:\/\/www.facebook.com\/ssyl.fi","article_modified_time":"2019-10-02T07:43:22+00:00","og_image":[{"width":1200,"height":630,"url":"https:\/\/www.ssyl.fi\/content\/uploads\/2019\/10\/some-jako_FB_1200x630px.jpg","type":"image\/jpeg"}],"twitter_card":"summary_large_image","schema":{"@context":"https:\/\/schema.org","@graph":[{"@type":"WebPage","@id":"https:\/\/www.ssyl.fi\/de\/ueber-uns\/materiaalipankki\/","url":"https:\/\/www.ssyl.fi\/de\/ueber-uns\/materiaalipankki\/","name":"Materialbank - Suomi-Saksa Yhdistysten Liitto ry","isPartOf":{"@id":"https:\/\/www.ssyl.fi\/de\/#website"},"datePublished":"2019-10-02T07:42:56+00:00","dateModified":"2019-10-02T07:43:22+00:00","breadcrumb":{"@id":"https:\/\/www.ssyl.fi\/de\/ueber-uns\/materiaalipankki\/#breadcrumb"},"inLanguage":"de-DE","potentialAction":[{"@type":"ReadAction","target":["https:\/\/www.ssyl.fi\/de\/ueber-uns\/materiaalipankki\/"]}]},{"@type":"BreadcrumbList","@id":"https:\/\/www.ssyl.fi\/de\/ueber-uns\/materiaalipankki\/#breadcrumb","itemListElement":[{"@type":"ListItem","position":1,"name":"Home","item":"https:\/\/www.ssyl.fi\/de\/"},{"@type":"ListItem","position":2,"name":"\u00dcber uns","item":"https:\/\/www.ssyl.fi\/de\/ueber-uns\/"},{"@type":"ListItem","position":3,"name":"Materialbank"}]},{"@type":"WebSite","@id":"https:\/\/www.ssyl.fi\/de\/#website","url":"https:\/\/www.ssyl.fi\/de\/","name":"Suomi-Saksa Yhdistysten Liitto ry","description":"","potentialAction":[{"@type":"SearchAction","target":{"@type":"EntryPoint","urlTemplate":"https:\/\/www.ssyl.fi\/de\/?s={search_term_string}"},"query-input":{"@type":"PropertyValueSpecification","valueRequired":true,"valueName":"search_term_string"}}],"inLanguage":"de-DE"}]}},"_links":{"self":[{"href":"https:\/\/www.ssyl.fi\/de\/wp-json\/wp\/v2\/pages\/7454","targetHints":{"allow":["GET"]}}],"collection":[{"href":"https:\/\/www.ssyl.fi\/de\/wp-json\/wp\/v2\/pages"}],"about":[{"href":"https:\/\/www.ssyl.fi\/de\/wp-json\/wp\/v2\/types\/page"}],"author":[{"embeddable":true,"href":"https:\/\/www.ssyl.fi\/de\/wp-json\/wp\/v2\/users\/1"}],"replies":[{"embeddable":true,"href":"https:\/\/www.ssyl.fi\/de\/wp-json\/wp\/v2\/comments?post=7454"}],"version-history":[{"count":4,"href":"https:\/\/www.ssyl.fi\/de\/wp-json\/wp\/v2\/pages\/7454\/revisions"}],"predecessor-version":[{"id":7458,"href":"https:\/\/www.ssyl.fi\/de\/wp-json\/wp\/v2\/pages\/7454\/revisions\/7458"}],"up":[{"embeddable":true,"href":"https:\/\/www.ssyl.fi\/de\/wp-json\/wp\/v2\/pages\/7077"}],"wp:attachment":[{"href":"https:\/\/www.ssyl.fi\/de\/wp-json\/wp\/v2\/media?parent=7454"}],"curies":[{"name":"wp","href":"https:\/\/api.w.org\/{rel}","templated":true}]}}